{"id":23322,"date":"2026-03-29T20:47:50","date_gmt":"2026-03-29T20:47:50","guid":{"rendered":"https:\/\/patkaa.com\/?post_type=product&#038;p=23322"},"modified":"2026-03-29T21:24:45","modified_gmt":"2026-03-29T21:24:45","slug":"sasirmis-kedi-sticker","status":"publish","type":"product","link":"https:\/\/patkaa.com\/tr\/urun\/sasirmis-kedi-sticker\/","title":{"rendered":"\u015ea\u015f\u0131rm\u0131\u015f Kedi Sticker"},"content":{"rendered":"<p>Kafas\u0131nda kukuleta olan \u015fa\u015f\u0131rm\u0131\u015f komik kedi sticker\u0131<\/p>\n","protected":false},"excerpt":{"rendered":"<p>Kafas\u0131nda kukuleta olan \u015fa\u015f\u0131rm\u0131\u015f komik kedi sticker\u0131<\/p>\n","protected":false},"featured_media":23321,"comment_status":"open","ping_status":"closed","template":"","meta":{"inline_featured_image":false},"product_brand":[],"product_cat":[288],"product_tag":[],"class_list":{"0":"post-23322","1":"product","2":"type-product","3":"status-publish","4":"has-post-thumbnail","6":"product_cat-stickers","8":"first","9":"instock","10":"taxable","11":"shipping-taxable","12":"purchasable","13":"product-type-variable","14":"rtwpvg-product"},"aioseo_notices":[],"yoast_head":"<!-- This site is optimized with the Yoast SEO plugin v24.5 - https:\/\/yoast.com\/wordpress\/plugins\/seo\/ -->\n<title>\u015ea\u015f\u0131rm\u0131\u015f Kedi Sticker - Patkaa<\/title>\n<meta name=\"robots\" content=\"index, follow, max-snippet:-1, max-image-preview:large, max-video-preview:-1\" \/>\n<link rel=\"canonical\" href=\"https:\/\/patkaa.com\/tr\/urun\/sasirmis-kedi-sticker\/\" \/>\n<meta property=\"og:locale\" content=\"tr_TR\" \/>\n<meta property=\"og:type\" content=\"article\" \/>\n<meta property=\"og:title\" content=\"\u015ea\u015f\u0131rm\u0131\u015f Kedi Sticker - Patkaa\" \/>\n<meta property=\"og:description\" content=\"Kafas\u0131nda kukuleta olan \u015fa\u015f\u0131rm\u0131\u015f komik kedi sticker\u0131\" \/>\n<meta property=\"og:url\" content=\"https:\/\/patkaa.com\/tr\/urun\/sasirmis-kedi-sticker\/\" \/>\n<meta property=\"og:site_name\" content=\"Patkaa\" \/>\n<meta property=\"article:modified_time\" content=\"2026-03-29T21:24:45+00:00\" \/>\n<meta property=\"og:image\" content=\"https:\/\/patkaa.com\/wp-content\/uploads\/2026\/03\/p_images-62.png\" \/>\n\t<meta property=\"og:image:width\" content=\"1156\" \/>\n\t<meta property=\"og:image:height\" content=\"1426\" \/>\n\t<meta property=\"og:image:type\" content=\"image\/png\" \/>\n<meta name=\"twitter:card\" content=\"summary_large_image\" \/>\n<script type=\"application\/ld+json\" class=\"yoast-schema-graph\">{\"@context\":\"https:\/\/schema.org\",\"@graph\":[{\"@type\":\"WebPage\",\"@id\":\"https:\/\/patkaa.com\/tr\/urun\/sasirmis-kedi-sticker\/\",\"url\":\"https:\/\/patkaa.com\/tr\/urun\/sasirmis-kedi-sticker\/\",\"name\":\"\u015ea\u015f\u0131rm\u0131\u015f Kedi Sticker - Patkaa\",\"isPartOf\":{\"@id\":\"https:\/\/patkaa.com\/tr\/#website\"},\"primaryImageOfPage\":{\"@id\":\"https:\/\/patkaa.com\/tr\/urun\/sasirmis-kedi-sticker\/#primaryimage\"},\"image\":{\"@id\":\"https:\/\/patkaa.com\/tr\/urun\/sasirmis-kedi-sticker\/#primaryimage\"},\"thumbnailUrl\":\"https:\/\/patkaa.com\/wp-content\/uploads\/2026\/03\/p_images-62.png\",\"datePublished\":\"2026-03-29T20:47:50+00:00\",\"dateModified\":\"2026-03-29T21:24:45+00:00\",\"breadcrumb\":{\"@id\":\"https:\/\/patkaa.com\/tr\/urun\/sasirmis-kedi-sticker\/#breadcrumb\"},\"inLanguage\":\"tr\",\"potentialAction\":[{\"@type\":\"ReadAction\",\"target\":[\"https:\/\/patkaa.com\/tr\/urun\/sasirmis-kedi-sticker\/\"]}]},{\"@type\":\"ImageObject\",\"inLanguage\":\"tr\",\"@id\":\"https:\/\/patkaa.com\/tr\/urun\/sasirmis-kedi-sticker\/#primaryimage\",\"url\":\"https:\/\/patkaa.com\/wp-content\/uploads\/2026\/03\/p_images-62.png\",\"contentUrl\":\"https:\/\/patkaa.com\/wp-content\/uploads\/2026\/03\/p_images-62.png\",\"width\":1156,\"height\":1426},{\"@type\":\"BreadcrumbList\",\"@id\":\"https:\/\/patkaa.com\/tr\/urun\/sasirmis-kedi-sticker\/#breadcrumb\",\"itemListElement\":[{\"@type\":\"ListItem\",\"position\":1,\"name\":\"Giri\u015f\",\"item\":\"https:\/\/patkaa.com\/tr\/\"},{\"@type\":\"ListItem\",\"position\":2,\"name\":\"Ma\u011faza\",\"item\":\"https:\/\/patkaa.com\/tr\/magaza\/\"},{\"@type\":\"ListItem\",\"position\":3,\"name\":\"\u015ea\u015f\u0131rm\u0131\u015f Kedi Sticker\"}]},{\"@type\":\"WebSite\",\"@id\":\"https:\/\/patkaa.com\/tr\/#website\",\"url\":\"https:\/\/patkaa.com\/tr\/\",\"name\":\"Patkaa\",\"description\":\"\",\"publisher\":{\"@id\":\"https:\/\/patkaa.com\/tr\/#organization\"},\"potentialAction\":[{\"@type\":\"SearchAction\",\"target\":{\"@type\":\"EntryPoint\",\"urlTemplate\":\"https:\/\/patkaa.com\/tr\/?s={search_term_string}\"},\"query-input\":{\"@type\":\"PropertyValueSpecification\",\"valueRequired\":true,\"valueName\":\"search_term_string\"}}],\"inLanguage\":\"tr\"},{\"@type\":\"Organization\",\"@id\":\"https:\/\/patkaa.com\/tr\/#organization\",\"name\":\"Patkaa\",\"url\":\"https:\/\/patkaa.com\/tr\/\",\"logo\":{\"@type\":\"ImageObject\",\"inLanguage\":\"tr\",\"@id\":\"https:\/\/patkaa.com\/tr\/#\/schema\/logo\/image\/\",\"url\":\"https:\/\/patkaa.com\/wp-content\/uploads\/2025\/09\/Logo-Alternative.svg\",\"contentUrl\":\"https:\/\/patkaa.com\/wp-content\/uploads\/2025\/09\/Logo-Alternative.svg\",\"width\":562,\"height\":144,\"caption\":\"Patkaa\"},\"image\":{\"@id\":\"https:\/\/patkaa.com\/tr\/#\/schema\/logo\/image\/\"}}]}<\/script>\n<!-- \/ Yoast SEO plugin. -->","yoast_head_json":{"title":"\u015ea\u015f\u0131rm\u0131\u015f Kedi Sticker - Patkaa","robots":{"index":"index","follow":"follow","max-snippet":"max-snippet:-1","max-image-preview":"max-image-preview:large","max-video-preview":"max-video-preview:-1"},"canonical":"https:\/\/patkaa.com\/tr\/urun\/sasirmis-kedi-sticker\/","og_locale":"tr_TR","og_type":"article","og_title":"\u015ea\u015f\u0131rm\u0131\u015f Kedi Sticker - Patkaa","og_description":"Kafas\u0131nda kukuleta olan \u015fa\u015f\u0131rm\u0131\u015f komik kedi sticker\u0131","og_url":"https:\/\/patkaa.com\/tr\/urun\/sasirmis-kedi-sticker\/","og_site_name":"Patkaa","article_modified_time":"2026-03-29T21:24:45+00:00","og_image":[{"width":1156,"height":1426,"url":"https:\/\/patkaa.com\/wp-content\/uploads\/2026\/03\/p_images-62.png","type":"image\/png"}],"twitter_card":"summary_large_image","schema":{"@context":"https:\/\/schema.org","@graph":[{"@type":"WebPage","@id":"https:\/\/patkaa.com\/tr\/urun\/sasirmis-kedi-sticker\/","url":"https:\/\/patkaa.com\/tr\/urun\/sasirmis-kedi-sticker\/","name":"\u015ea\u015f\u0131rm\u0131\u015f Kedi Sticker - Patkaa","isPartOf":{"@id":"https:\/\/patkaa.com\/tr\/#website"},"primaryImageOfPage":{"@id":"https:\/\/patkaa.com\/tr\/urun\/sasirmis-kedi-sticker\/#primaryimage"},"image":{"@id":"https:\/\/patkaa.com\/tr\/urun\/sasirmis-kedi-sticker\/#primaryimage"},"thumbnailUrl":"https:\/\/patkaa.com\/wp-content\/uploads\/2026\/03\/p_images-62.png","datePublished":"2026-03-29T20:47:50+00:00","dateModified":"2026-03-29T21:24:45+00:00","breadcrumb":{"@id":"https:\/\/patkaa.com\/tr\/urun\/sasirmis-kedi-sticker\/#breadcrumb"},"inLanguage":"tr","potentialAction":[{"@type":"ReadAction","target":["https:\/\/patkaa.com\/tr\/urun\/sasirmis-kedi-sticker\/"]}]},{"@type":"ImageObject","inLanguage":"tr","@id":"https:\/\/patkaa.com\/tr\/urun\/sasirmis-kedi-sticker\/#primaryimage","url":"https:\/\/patkaa.com\/wp-content\/uploads\/2026\/03\/p_images-62.png","contentUrl":"https:\/\/patkaa.com\/wp-content\/uploads\/2026\/03\/p_images-62.png","width":1156,"height":1426},{"@type":"BreadcrumbList","@id":"https:\/\/patkaa.com\/tr\/urun\/sasirmis-kedi-sticker\/#breadcrumb","itemListElement":[{"@type":"ListItem","position":1,"name":"Giri\u015f","item":"https:\/\/patkaa.com\/tr\/"},{"@type":"ListItem","position":2,"name":"Ma\u011faza","item":"https:\/\/patkaa.com\/tr\/magaza\/"},{"@type":"ListItem","position":3,"name":"\u015ea\u015f\u0131rm\u0131\u015f Kedi Sticker"}]},{"@type":"WebSite","@id":"https:\/\/patkaa.com\/tr\/#website","url":"https:\/\/patkaa.com\/tr\/","name":"Patkaa","description":"","publisher":{"@id":"https:\/\/patkaa.com\/tr\/#organization"},"potentialAction":[{"@type":"SearchAction","target":{"@type":"EntryPoint","urlTemplate":"https:\/\/patkaa.com\/tr\/?s={search_term_string}"},"query-input":{"@type":"PropertyValueSpecification","valueRequired":true,"valueName":"search_term_string"}}],"inLanguage":"tr"},{"@type":"Organization","@id":"https:\/\/patkaa.com\/tr\/#organization","name":"Patkaa","url":"https:\/\/patkaa.com\/tr\/","logo":{"@type":"ImageObject","inLanguage":"tr","@id":"https:\/\/patkaa.com\/tr\/#\/schema\/logo\/image\/","url":"https:\/\/patkaa.com\/wp-content\/uploads\/2025\/09\/Logo-Alternative.svg","contentUrl":"https:\/\/patkaa.com\/wp-content\/uploads\/2025\/09\/Logo-Alternative.svg","width":562,"height":144,"caption":"Patkaa"},"image":{"@id":"https:\/\/patkaa.com\/tr\/#\/schema\/logo\/image\/"}}]}},"_links":{"self":[{"href":"https:\/\/patkaa.com\/tr\/wp-json\/wp\/v2\/product\/23322","targetHints":{"allow":["GET"]}}],"collection":[{"href":"https:\/\/patkaa.com\/tr\/wp-json\/wp\/v2\/product"}],"about":[{"href":"https:\/\/patkaa.com\/tr\/wp-json\/wp\/v2\/types\/product"}],"replies":[{"embeddable":true,"href":"https:\/\/patkaa.com\/tr\/wp-json\/wp\/v2\/comments?post=23322"}],"version-history":[{"count":1,"href":"https:\/\/patkaa.com\/tr\/wp-json\/wp\/v2\/product\/23322\/revisions"}],"predecessor-version":[{"id":23358,"href":"https:\/\/patkaa.com\/tr\/wp-json\/wp\/v2\/product\/23322\/revisions\/23358"}],"wp:featuredmedia":[{"embeddable":true,"href":"https:\/\/patkaa.com\/tr\/wp-json\/wp\/v2\/media\/23321"}],"wp:attachment":[{"href":"https:\/\/patkaa.com\/tr\/wp-json\/wp\/v2\/media?parent=23322"}],"wp:term":[{"taxonomy":"product_brand","embeddable":true,"href":"https:\/\/patkaa.com\/tr\/wp-json\/wp\/v2\/product_brand?post=23322"},{"taxonomy":"product_cat","embeddable":true,"href":"https:\/\/patkaa.com\/tr\/wp-json\/wp\/v2\/product_cat?post=23322"},{"taxonomy":"product_tag","embeddable":true,"href":"https:\/\/patkaa.com\/tr\/wp-json\/wp\/v2\/product_tag?post=23322"}],"curies":[{"name":"wp","href":"https:\/\/api.w.org\/{rel}","templated":true}]}}