{"id":21752,"date":"2026-03-03T16:26:19","date_gmt":"2026-03-03T16:26:19","guid":{"rendered":"https:\/\/patkaa.com\/?page_id=21752"},"modified":"2026-04-01T20:43:15","modified_gmt":"2026-04-01T20:43:15","slug":"iade-politikasi","status":"publish","type":"page","link":"https:\/\/patkaa.com\/tr\/iade-politikasi\/","title":{"rendered":"\u0130ade Politikas\u0131"},"content":{"rendered":"\t\t<div data-elementor-type=\"wp-page\" data-elementor-id=\"21752\" class=\"elementor elementor-21752\" data-elementor-post-type=\"page\">\n\t\t\t\t<div class=\"elementor-element elementor-element-d571d15 e-con-full e-flex e-con e-parent\" data-id=\"d571d15\" data-element_type=\"container\" data-settings=\"{&quot;background_background&quot;:&quot;classic&quot;}\">\n\t\t\t\t<div class=\"elementor-element elementor-element-e4fed0d elementor-widget elementor-widget-heading\" data-id=\"e4fed0d\" data-element_type=\"widget\" data-widget_type=\"heading.default\">\n\t\t\t\t<div class=\"elementor-widget-container\">\n\t\t\t\t\t<h2 class=\"elementor-heading-title elementor-size-default\">\u0130ade ve De\u011fi\u015fim Politikas\u0131<\/h2>\t\t\t\t<\/div>\n\t\t\t\t<\/div>\n\t\t\t\t<\/div>\n\t\t<div class=\"wd-negative-gap elementor-element elementor-element-afcd560 e-flex e-con-boxed e-con e-parent\" data-id=\"afcd560\" data-element_type=\"container\">\n\t\t\t\t\t<div class=\"e-con-inner\">\n\t\t\t\t<div class=\"elementor-element elementor-element-a45b1d0 color-scheme-inherit text-left elementor-widget elementor-widget-text-editor\" data-id=\"a45b1d0\" data-element_type=\"widget\" data-widget_type=\"text-editor.default\">\n\t\t\t\t<div class=\"elementor-widget-container\">\n\t\t\t\t\t\t\t\t\t<p>\u0130\u015fbu s\u00f6zle\u015fme, a\u015fa\u011f\u0131da bilgileri yer alan Sat\u0131c\u0131 ile <a class=\"decorated-link\" href=\"http:\/\/www.patkaa.com\" target=\"_new\" rel=\"noopener\" data-start=\"556\" data-end=\"570\">www.patkaa.com<\/a> internet sitesi \u00fczerinden elektronik ortamda sipari\u015f veren Al\u0131c\u0131 aras\u0131nda, 6502 Say\u0131l\u0131 T\u00fcketicinin Korunmas\u0131 Hakk\u0131nda Kanun ve Mesafeli S\u00f6zle\u015fmeler Y\u00f6netmeli\u011fi uyar\u0131nca akdedilmi\u015ftir.<\/p>\t\t\t\t\t\t\t\t<\/div>\n\t\t\t\t<\/div>\n\t\t\t\t\t<\/div>\n\t\t\t\t<\/div>\n\t\t<div class=\"wd-negative-gap elementor-element elementor-element-03e3eb9 e-flex e-con-boxed e-con e-parent\" data-id=\"03e3eb9\" data-element_type=\"container\">\n\t\t\t\t\t<div class=\"e-con-inner\">\n\t\t\t\t<div class=\"elementor-element elementor-element-a89d4ee color-scheme-inherit text-left elementor-widget elementor-widget-text-editor\" data-id=\"a89d4ee\" data-element_type=\"widget\" data-widget_type=\"text-editor.default\">\n\t\t\t\t<div class=\"elementor-widget-container\">\n\t\t\t\t\t\t\t\t\t<h5 data-start=\"822\" data-end=\"872\">1. \u00dcretim Modeli<\/h5><p data-start=\"467\" data-end=\"686\">Patkaa\u2019da sat\u0131\u015fa sunulan t\u00fcm \u00fcr\u00fcnler sipari\u015f \u00fczerine, se\u00e7ilen tasar\u0131m, beden, renk ve model bilgilerine g\u00f6re \u00f6zel olarak \u00fcretilmektedir. \u00dcr\u00fcnler stoktan g\u00f6nderilmez ve her sipari\u015f ayr\u0131 ayr\u0131 bas\u0131m\/\u00fcretim s\u00fcrecine al\u0131n\u0131r.<\/p>\t\t\t\t\t\t\t\t<\/div>\n\t\t\t\t<\/div>\n\t\t\t\t<div class=\"elementor-element elementor-element-fd60c5a color-scheme-inherit text-left elementor-widget elementor-widget-text-editor\" data-id=\"fd60c5a\" data-element_type=\"widget\" data-widget_type=\"text-editor.default\">\n\t\t\t\t<div class=\"elementor-widget-container\">\n\t\t\t\t\t\t\t\t\t<h5 data-start=\"1550\" data-end=\"1571\">2. Cayma Hakk\u0131 ve Yasal Dayanak<\/h5><p data-start=\"729\" data-end=\"832\">6502 say\u0131l\u0131 T\u00fcketicinin Korunmas\u0131 Hakk\u0131nda Kanun ve Mesafeli S\u00f6zle\u015fmeler Y\u00f6netmeli\u011fi Madde 15 uyar\u0131nca:<\/p><p data-start=\"834\" data-end=\"942\">\u201cT\u00fcketicinin istekleri veya ki\u015fisel ihtiya\u00e7lar\u0131 do\u011frultusunda haz\u0131rlanan mallarda cayma hakk\u0131 kullan\u0131lamaz.\u201d<\/p><p data-start=\"944\" data-end=\"1032\">Patkaa\u2019da sat\u0131lan \u00fcr\u00fcnler sipari\u015fe \u00f6zel \u00fcretildi\u011fi i\u00e7in cayma hakk\u0131 kapsam\u0131nda de\u011fildir.<\/p><p data-start=\"1034\" data-end=\"1085\">Bu nedenle a\u015fa\u011f\u0131daki durumlarda iade kabul edilmez:<\/p><ul data-start=\"1087\" data-end=\"1215\"><li data-start=\"1087\" data-end=\"1108\"><p data-start=\"1089\" data-end=\"1108\">Fikir de\u011fi\u015fikli\u011fi<\/p><\/li><li data-start=\"1109\" data-end=\"1128\"><p data-start=\"1111\" data-end=\"1128\">\u00dcr\u00fcn\u00fc be\u011fenmeme<\/p><\/li><li data-start=\"1129\" data-end=\"1152\"><p data-start=\"1131\" data-end=\"1152\">Yanl\u0131\u015f beden se\u00e7imi<\/p><\/li><li data-start=\"1153\" data-end=\"1177\"><p data-start=\"1155\" data-end=\"1177\">Yanl\u0131\u015f model tercihi<\/p><\/li><li data-start=\"1178\" data-end=\"1215\"><p data-start=\"1180\" data-end=\"1215\">Sipari\u015f sonras\u0131 de\u011fi\u015fiklik talebi<\/p><\/li><\/ul><p data-start=\"1217\" data-end=\"1315\">Sipari\u015f vermeden \u00f6nce \u00fcr\u00fcn a\u00e7\u0131klamalar\u0131n\u0131 ve beden tablosunu dikkatlice incelemeniz gerekmektedir.<\/p><p data-start=\"1573\" data-end=\"1760\">eye y\u00f6nelik olarak d\u00fczenli g\u00fcvenlik testleri yap\u0131lmakta ve olas\u0131 riskler s\u00fcrekli izlenmektedir. Herhangi bir g\u00fcvenlik ihlali durumunda kullan\u0131c\u0131lar ve ilgili resmi kurumlar ivedilikle bilgilendirilecektir.<\/p>\t\t\t\t\t\t\t\t<\/div>\n\t\t\t\t<\/div>\n\t\t\t\t<div class=\"elementor-element elementor-element-97bcb92 color-scheme-inherit text-left elementor-widget elementor-widget-text-editor\" data-id=\"97bcb92\" data-element_type=\"widget\" data-widget_type=\"text-editor.default\">\n\t\t\t\t<div class=\"elementor-widget-container\">\n\t\t\t\t\t\t\t\t\t<h5 data-start=\"1996\" data-end=\"2039\">3. \u0130ade \/ De\u011fi\u015fim Kabul Edilen Durumlar<\/h5><p data-start=\"1366\" data-end=\"1413\">A\u015fa\u011f\u0131daki durumlarda iade veya de\u011fi\u015fim yap\u0131l\u0131r:<\/p><ul data-start=\"1415\" data-end=\"1597\"><li data-start=\"1415\" data-end=\"1449\"><p data-start=\"1417\" data-end=\"1449\">\u00dcr\u00fcn\u00fcn hasarl\u0131 teslim edilmesi<\/p><\/li><li data-start=\"1450\" data-end=\"1478\"><p data-start=\"1452\" data-end=\"1478\">Yanl\u0131\u015f \u00fcr\u00fcn g\u00f6nderilmesi<\/p><\/li><li data-start=\"1479\" data-end=\"1531\"><p data-start=\"1481\" data-end=\"1531\">Bask\u0131 hatas\u0131 veya \u00fcretim kaynakl\u0131 ay\u0131p bulunmas\u0131<\/p><\/li><li data-start=\"1532\" data-end=\"1597\"><p data-start=\"1534\" data-end=\"1597\">\u00dcr\u00fcn\u00fcn g\u00f6rselde belirtilen \u00f6zelliklerden a\u00e7\u0131k\u00e7a farkl\u0131 olmas\u0131<\/p><\/li><\/ul><p data-start=\"1599\" data-end=\"1674\">Bu durumlarda t\u00fcm kargo ve de\u011fi\u015fim masraflar\u0131 Patkaa taraf\u0131ndan kar\u015f\u0131lan\u0131r.<\/p>\t\t\t\t\t\t\t\t<\/div>\n\t\t\t\t<\/div>\n\t\t\t\t<div class=\"elementor-element elementor-element-64786ae color-scheme-inherit text-left elementor-widget elementor-widget-text-editor\" data-id=\"64786ae\" data-element_type=\"widget\" data-widget_type=\"text-editor.default\">\n\t\t\t\t<div class=\"elementor-widget-container\">\n\t\t\t\t\t\t\t\t\t<h5 data-start=\"2426\" data-end=\"2455\">4. Ay\u0131pl\u0131 \u00dcr\u00fcn Bildirim S\u00fcresi<\/h5><p data-start=\"1716\" data-end=\"1780\">\u00dcr\u00fcnde hasar, ay\u0131p veya yanl\u0131\u015f g\u00f6nderim tespit edilmesi halinde:<\/p><p data-start=\"1782\" data-end=\"1851\">Teslim tarihinden itibaren en ge\u00e7 3 g\u00fcn i\u00e7inde bildirim yap\u0131lmal\u0131d\u0131r.<\/p><p data-start=\"1853\" data-end=\"1928\">Bildirim s\u00fcresi i\u00e7inde yap\u0131lmayan ba\u015fvurular de\u011ferlendirmeye al\u0131nmayabilir.<\/p>\t\t\t\t\t\t\t\t<\/div>\n\t\t\t\t<\/div>\n\t\t\t\t<div class=\"elementor-element elementor-element-2911a82 color-scheme-inherit text-left elementor-widget elementor-widget-text-editor\" data-id=\"2911a82\" data-element_type=\"widget\" data-widget_type=\"text-editor.default\">\n\t\t\t\t<div class=\"elementor-widget-container\">\n\t\t\t\t\t\t\t\t\t<h5 data-start=\"2625\" data-end=\"2649\">5. \u0130ade Talebi Nas\u0131l Olu\u015fturulur?<\/h5><p data-start=\"1973\" data-end=\"2001\">\u0130ade talebi olu\u015fturmak i\u00e7in:<\/p><ul data-start=\"2003\" data-end=\"2188\"><li data-start=\"2003\" data-end=\"2051\"><p data-start=\"2005\" data-end=\"2051\">Hesab\u0131n\u0131zdan \u201cSipari\u015flerim\u201d b\u00f6l\u00fcm\u00fcne giriniz<\/p><\/li><li data-start=\"2052\" data-end=\"2079\"><p data-start=\"2054\" data-end=\"2079\">\u0130lgili sipari\u015fi se\u00e7iniz<\/p><\/li><li data-start=\"2080\" data-end=\"2117\"><p data-start=\"2082\" data-end=\"2117\">\u201c\u0130ade Talebi\u201d butonuna t\u0131klay\u0131n\u0131z<\/p><\/li><li data-start=\"2118\" data-end=\"2148\"><p data-start=\"2120\" data-end=\"2148\">Sorun a\u00e7\u0131klamas\u0131n\u0131 yaz\u0131n\u0131z<\/p><\/li><li data-start=\"2149\" data-end=\"2188\"><p data-start=\"2151\" data-end=\"2188\">\u00dcr\u00fcn\u00fcn net foto\u011fraflar\u0131n\u0131 ekleyiniz<\/p><\/li><\/ul><p data-start=\"2190\" data-end=\"2245\">Eksik veya foto\u011frafs\u0131z ba\u015fvurular i\u015fleme al\u0131nmayabilir.<\/p>\t\t\t\t\t\t\t\t<\/div>\n\t\t\t\t<\/div>\n\t\t\t\t<div class=\"elementor-element elementor-element-237eafb color-scheme-inherit text-left elementor-widget elementor-widget-text-editor\" data-id=\"237eafb\" data-element_type=\"widget\" data-widget_type=\"text-editor.default\">\n\t\t\t\t<div class=\"elementor-widget-container\">\n\t\t\t\t\t\t\t\t\t<h5 data-start=\"3422\" data-end=\"3451\">6. \u0130nceleme S\u00fcreci<\/h5><p data-start=\"2275\" data-end=\"2402\">Talep, \u00fcretim ve kalite kontrol ekibimiz taraf\u0131ndan incelenir. Gerekli g\u00f6r\u00fclmesi halinde ek bilgi veya g\u00f6rsel talep edilebilir.<\/p><p data-start=\"2404\" data-end=\"2432\">Talebin onaylanmas\u0131 halinde:<\/p><ul data-start=\"2434\" data-end=\"2521\"><li data-start=\"2434\" data-end=\"2464\"><p data-start=\"2436\" data-end=\"2464\">\u00dcr\u00fcn de\u011fi\u015fimi yap\u0131l\u0131r veya<\/p><\/li><li data-start=\"2465\" data-end=\"2521\"><p data-start=\"2467\" data-end=\"2521\">\u00dcr\u00fcn bedeli, \u00f6demenin yap\u0131ld\u0131\u011f\u0131 y\u00f6ntemle iade edilir<\/p><\/li><\/ul><p data-start=\"2523\" data-end=\"2595\">\u0130ade s\u00fcreci \u00f6deme kurulu\u015funun i\u015flem s\u00fcrelerine ba\u011fl\u0131 olarak de\u011fi\u015febilir.<\/p>\t\t\t\t\t\t\t\t<\/div>\n\t\t\t\t<\/div>\n\t\t\t\t<div class=\"elementor-element elementor-element-c8b2fa1 color-scheme-inherit text-left elementor-widget elementor-widget-text-editor\" data-id=\"c8b2fa1\" data-element_type=\"widget\" data-widget_type=\"text-editor.default\">\n\t\t\t\t<div class=\"elementor-widget-container\">\n\t\t\t\t\t\t\t\t\t<h5 data-start=\"3422\" data-end=\"3451\">7. Kullan\u0131lm\u0131\u015f \u00dcr\u00fcnler<\/h5><p data-start=\"2629\" data-end=\"2669\">A\u015fa\u011f\u0131daki durumlarda iade kabul edilmez:<\/p><ul data-start=\"2671\" data-end=\"2806\"><li data-start=\"2671\" data-end=\"2722\"><p data-start=\"2673\" data-end=\"2722\">Kullan\u0131lm\u0131\u015f, y\u0131kanm\u0131\u015f veya zarar g\u00f6rm\u00fc\u015f \u00fcr\u00fcnler<\/p><\/li><li data-start=\"2723\" data-end=\"2775\"><p data-start=\"2725\" data-end=\"2775\">Yeniden sat\u0131labilir \u00f6zelli\u011fini kaybetmi\u015f \u00fcr\u00fcnler<\/p><\/li><li data-start=\"2776\" data-end=\"2806\"><p data-start=\"2778\" data-end=\"2806\">Etiketi \u00e7\u0131kar\u0131lm\u0131\u015f \u00fcr\u00fcnler<\/p><\/li><\/ul>\t\t\t\t\t\t\t\t<\/div>\n\t\t\t\t<\/div>\n\t\t\t\t<div class=\"elementor-element elementor-element-cff5d71 color-scheme-inherit text-left elementor-widget elementor-widget-text-editor\" data-id=\"cff5d71\" data-element_type=\"widget\" data-widget_type=\"text-editor.default\">\n\t\t\t\t<div class=\"elementor-widget-container\">\n\t\t\t\t\t\t\t\t\t<h5 data-start=\"3422\" data-end=\"3451\">8. Renk ve Bask\u0131 Farkl\u0131l\u0131klar\u0131<\/h5><p data-start=\"2629\" data-end=\"2669\">Dijital ekran ayarlar\u0131 nedeniyle \u00fcr\u00fcn renk tonlar\u0131nda k\u00fc\u00e7\u00fck farkl\u0131l\u0131klar olu\u015fabilir. Bu durum iade sebebi de\u011fildir.<\/p>\t\t\t\t\t\t\t\t<\/div>\n\t\t\t\t<\/div>\n\t\t\t\t<div class=\"elementor-element elementor-element-da0a2cb color-scheme-inherit text-left elementor-widget elementor-widget-text-editor\" data-id=\"da0a2cb\" data-element_type=\"widget\" data-widget_type=\"text-editor.default\">\n\t\t\t\t<div class=\"elementor-widget-container\">\n\t\t\t\t\t\t\t\t\t<h5 data-start=\"3422\" data-end=\"3451\">9. Kargo Kaynakl\u0131 Hasarlar<\/h5><p data-start=\"2629\" data-end=\"2669\">Kargo paketinde ciddi hasar g\u00f6r\u00fclmesi halinde, teslim s\u0131ras\u0131nda kargo g\u00f6revlisine tutanak tutturulmas\u0131 \u00f6nerilir. Tutanak bulunmayan durumlarda de\u011ferlendirme s\u00fcreci uzayabilir.<\/p>\t\t\t\t\t\t\t\t<\/div>\n\t\t\t\t<\/div>\n\t\t\t\t<div class=\"elementor-element elementor-element-5389956 color-scheme-inherit text-left elementor-widget elementor-widget-text-editor\" data-id=\"5389956\" data-element_type=\"widget\" data-widget_type=\"text-editor.default\">\n\t\t\t\t<div class=\"elementor-widget-container\">\n\t\t\t\t\t\t\t\t\t<h5 data-start=\"3422\" data-end=\"3451\">10. \u0130leti\u015fim<\/h5><p data-start=\"2629\" data-end=\"2669\">\u0130ade ve de\u011fi\u015fim talepleri yaln\u0131zca hesap paneli \u00fczerinden olu\u015fturulmal\u0131d\u0131r. Gerekli durumlarda destek ekibimiz sizinle ileti\u015fime ge\u00e7ecektir.<\/p>\t\t\t\t\t\t\t\t<\/div>\n\t\t\t\t<\/div>\n\t\t\t\t\t<\/div>\n\t\t\t\t<\/div>\n\t\t\t\t<\/div>\n\t\t","protected":false},"excerpt":{"rendered":"<p>\u0130ade ve De\u011fi\u015fim Politikas\u0131 \u0130\u015fbu s\u00f6zle\u015fme, a\u015fa\u011f\u0131da bilgileri yer alan Sat\u0131c\u0131 ile www.patkaa.com internet sitesi \u00fczerinden elektronik ortamda sipari\u015f veren<\/p>\n","protected":false},"author":45,"featured_media":0,"parent":0,"menu_order":0,"comment_status":"closed","ping_status":"closed","template":"elementor_header_footer","meta":{"inline_featured_image":false,"_bodyClasses":"","_disableContainer":false,"_hidePageHeader":false,"_headerStyle":"","_isCustomHeader":false,"_headerStaticContentID":0,"_isCustomFooter":false,"_footerStaticContentId":0,"footnotes":""},"class_list":["post-21752","page","type-page","status-publish","hentry"],"aioseo_notices":[],"yoast_head":"<!-- This site is optimized with the Yoast SEO plugin v24.5 - https:\/\/yoast.com\/wordpress\/plugins\/seo\/ -->\n<title>\u0130ade Politikas\u0131 - Patkaa<\/title>\n<meta name=\"robots\" content=\"index, follow, max-snippet:-1, max-image-preview:large, max-video-preview:-1\" \/>\n<link rel=\"canonical\" href=\"https:\/\/patkaa.com\/tr\/iade-politikasi\/\" \/>\n<meta property=\"og:locale\" content=\"tr_TR\" \/>\n<meta property=\"og:type\" content=\"article\" \/>\n<meta property=\"og:title\" content=\"\u0130ade Politikas\u0131 - Patkaa\" \/>\n<meta property=\"og:description\" content=\"\u0130ade ve De\u011fi\u015fim Politikas\u0131 \u0130\u015fbu s\u00f6zle\u015fme, a\u015fa\u011f\u0131da bilgileri yer alan Sat\u0131c\u0131 ile www.patkaa.com internet sitesi \u00fczerinden elektronik ortamda sipari\u015f veren\" \/>\n<meta property=\"og:url\" content=\"https:\/\/patkaa.com\/tr\/iade-politikasi\/\" \/>\n<meta property=\"og:site_name\" content=\"Patkaa\" \/>\n<meta property=\"article:modified_time\" content=\"2026-04-01T20:43:15+00:00\" \/>\n<meta name=\"twitter:card\" content=\"summary_large_image\" \/>\n<meta name=\"twitter:label1\" content=\"Tahmini okuma s\u00fcresi\" \/>\n\t<meta name=\"twitter:data1\" content=\"3 dakika\" \/>\n<script type=\"application\/ld+json\" class=\"yoast-schema-graph\">{\"@context\":\"https:\/\/schema.org\",\"@graph\":[{\"@type\":\"WebPage\",\"@id\":\"https:\/\/patkaa.com\/tr\/iade-politikasi\/\",\"url\":\"https:\/\/patkaa.com\/tr\/iade-politikasi\/\",\"name\":\"\u0130ade Politikas\u0131 - Patkaa\",\"isPartOf\":{\"@id\":\"https:\/\/patkaa.com\/tr\/#website\"},\"datePublished\":\"2026-03-03T16:26:19+00:00\",\"dateModified\":\"2026-04-01T20:43:15+00:00\",\"breadcrumb\":{\"@id\":\"https:\/\/patkaa.com\/tr\/iade-politikasi\/#breadcrumb\"},\"inLanguage\":\"tr\",\"potentialAction\":[{\"@type\":\"ReadAction\",\"target\":[\"https:\/\/patkaa.com\/tr\/iade-politikasi\/\"]}]},{\"@type\":\"BreadcrumbList\",\"@id\":\"https:\/\/patkaa.com\/tr\/iade-politikasi\/#breadcrumb\",\"itemListElement\":[{\"@type\":\"ListItem\",\"position\":1,\"name\":\"Giri\u015f\",\"item\":\"https:\/\/patkaa.com\/tr\/\"},{\"@type\":\"ListItem\",\"position\":2,\"name\":\"\u0130ade Politikas\u0131\"}]},{\"@type\":\"WebSite\",\"@id\":\"https:\/\/patkaa.com\/tr\/#website\",\"url\":\"https:\/\/patkaa.com\/tr\/\",\"name\":\"Patkaa\",\"description\":\"\",\"publisher\":{\"@id\":\"https:\/\/patkaa.com\/tr\/#organization\"},\"potentialAction\":[{\"@type\":\"SearchAction\",\"target\":{\"@type\":\"EntryPoint\",\"urlTemplate\":\"https:\/\/patkaa.com\/tr\/?s={search_term_string}\"},\"query-input\":{\"@type\":\"PropertyValueSpecification\",\"valueRequired\":true,\"valueName\":\"search_term_string\"}}],\"inLanguage\":\"tr\"},{\"@type\":\"Organization\",\"@id\":\"https:\/\/patkaa.com\/tr\/#organization\",\"name\":\"Patkaa\",\"url\":\"https:\/\/patkaa.com\/tr\/\",\"logo\":{\"@type\":\"ImageObject\",\"inLanguage\":\"tr\",\"@id\":\"https:\/\/patkaa.com\/tr\/#\/schema\/logo\/image\/\",\"url\":\"https:\/\/patkaa.com\/wp-content\/uploads\/2025\/09\/Logo-Alternative.svg\",\"contentUrl\":\"https:\/\/patkaa.com\/wp-content\/uploads\/2025\/09\/Logo-Alternative.svg\",\"width\":562,\"height\":144,\"caption\":\"Patkaa\"},\"image\":{\"@id\":\"https:\/\/patkaa.com\/tr\/#\/schema\/logo\/image\/\"}}]}<\/script>\n<!-- \/ Yoast SEO plugin. -->","yoast_head_json":{"title":"\u0130ade Politikas\u0131 - Patkaa","robots":{"index":"index","follow":"follow","max-snippet":"max-snippet:-1","max-image-preview":"max-image-preview:large","max-video-preview":"max-video-preview:-1"},"canonical":"https:\/\/patkaa.com\/tr\/iade-politikasi\/","og_locale":"tr_TR","og_type":"article","og_title":"\u0130ade Politikas\u0131 - Patkaa","og_description":"\u0130ade ve De\u011fi\u015fim Politikas\u0131 \u0130\u015fbu s\u00f6zle\u015fme, a\u015fa\u011f\u0131da bilgileri yer alan Sat\u0131c\u0131 ile www.patkaa.com internet sitesi \u00fczerinden elektronik ortamda sipari\u015f veren","og_url":"https:\/\/patkaa.com\/tr\/iade-politikasi\/","og_site_name":"Patkaa","article_modified_time":"2026-04-01T20:43:15+00:00","twitter_card":"summary_large_image","twitter_misc":{"Tahmini okuma s\u00fcresi":"3 dakika"},"schema":{"@context":"https:\/\/schema.org","@graph":[{"@type":"WebPage","@id":"https:\/\/patkaa.com\/tr\/iade-politikasi\/","url":"https:\/\/patkaa.com\/tr\/iade-politikasi\/","name":"\u0130ade Politikas\u0131 - Patkaa","isPartOf":{"@id":"https:\/\/patkaa.com\/tr\/#website"},"datePublished":"2026-03-03T16:26:19+00:00","dateModified":"2026-04-01T20:43:15+00:00","breadcrumb":{"@id":"https:\/\/patkaa.com\/tr\/iade-politikasi\/#breadcrumb"},"inLanguage":"tr","potentialAction":[{"@type":"ReadAction","target":["https:\/\/patkaa.com\/tr\/iade-politikasi\/"]}]},{"@type":"BreadcrumbList","@id":"https:\/\/patkaa.com\/tr\/iade-politikasi\/#breadcrumb","itemListElement":[{"@type":"ListItem","position":1,"name":"Giri\u015f","item":"https:\/\/patkaa.com\/tr\/"},{"@type":"ListItem","position":2,"name":"\u0130ade Politikas\u0131"}]},{"@type":"WebSite","@id":"https:\/\/patkaa.com\/tr\/#website","url":"https:\/\/patkaa.com\/tr\/","name":"Patkaa","description":"","publisher":{"@id":"https:\/\/patkaa.com\/tr\/#organization"},"potentialAction":[{"@type":"SearchAction","target":{"@type":"EntryPoint","urlTemplate":"https:\/\/patkaa.com\/tr\/?s={search_term_string}"},"query-input":{"@type":"PropertyValueSpecification","valueRequired":true,"valueName":"search_term_string"}}],"inLanguage":"tr"},{"@type":"Organization","@id":"https:\/\/patkaa.com\/tr\/#organization","name":"Patkaa","url":"https:\/\/patkaa.com\/tr\/","logo":{"@type":"ImageObject","inLanguage":"tr","@id":"https:\/\/patkaa.com\/tr\/#\/schema\/logo\/image\/","url":"https:\/\/patkaa.com\/wp-content\/uploads\/2025\/09\/Logo-Alternative.svg","contentUrl":"https:\/\/patkaa.com\/wp-content\/uploads\/2025\/09\/Logo-Alternative.svg","width":562,"height":144,"caption":"Patkaa"},"image":{"@id":"https:\/\/patkaa.com\/tr\/#\/schema\/logo\/image\/"}}]}},"_links":{"self":[{"href":"https:\/\/patkaa.com\/tr\/wp-json\/wp\/v2\/pages\/21752","targetHints":{"allow":["GET"]}}],"collection":[{"href":"https:\/\/patkaa.com\/tr\/wp-json\/wp\/v2\/pages"}],"about":[{"href":"https:\/\/patkaa.com\/tr\/wp-json\/wp\/v2\/types\/page"}],"author":[{"embeddable":true,"href":"https:\/\/patkaa.com\/tr\/wp-json\/wp\/v2\/users\/45"}],"replies":[{"embeddable":true,"href":"https:\/\/patkaa.com\/tr\/wp-json\/wp\/v2\/comments?post=21752"}],"version-history":[{"count":10,"href":"https:\/\/patkaa.com\/tr\/wp-json\/wp\/v2\/pages\/21752\/revisions"}],"predecessor-version":[{"id":23656,"href":"https:\/\/patkaa.com\/tr\/wp-json\/wp\/v2\/pages\/21752\/revisions\/23656"}],"wp:attachment":[{"href":"https:\/\/patkaa.com\/tr\/wp-json\/wp\/v2\/media?parent=21752"}],"curies":[{"name":"wp","href":"https:\/\/api.w.org\/{rel}","templated":true}]}}